{"id":27,"date":"2026-01-29T10:10:10","date_gmt":"2026-01-29T15:10:10","guid":{"rendered":"https:\/\/tradinglogistica.co\/?page_id=27"},"modified":"2026-03-31T10:58:05","modified_gmt":"2026-03-31T15:58:05","slug":"pqr","status":"publish","type":"page","link":"https:\/\/tradinglogistica.co\/?page_id=27","title":{"rendered":"PQR"},"content":{"rendered":"\t\t<div data-elementor-type=\"wp-page\" data-elementor-id=\"27\" class=\"elementor elementor-27\" data-elementor-post-type=\"page\">\n\t\t\t\t<div class=\"elementor-element elementor-element-e93c3e2 e-flex e-con-boxed e-con e-parent\" data-id=\"e93c3e2\" data-element_type=\"container\" data-e-type=\"container\" data-settings=\"{&quot;background_background&quot;:&quot;classic&quot;}\">\n\t\t\t\t\t<div class=\"e-con-inner\">\n\t\t<div class=\"elementor-element elementor-element-132d815 e-con-full e-flex e-con e-child\" data-id=\"132d815\" data-element_type=\"container\" data-e-type=\"container\">\n\t\t\t\t<div class=\"elementor-element elementor-element-9e7af71 elementor-widget__width-initial elementor-widget elementor-widget-ld_fancy_image\" data-id=\"9e7af71\" data-element_type=\"widget\" data-e-type=\"widget\" data-widget_type=\"ld_fancy_image.default\">\n\t\t\t\t<div class=\"elementor-widget-container\">\n\t\t\t\t\t\n\t\t<div class=\"lqd-imggrp-single d-block pos-rel \">\n\t\t\t<div class=\"lqd-imggrp-img-container d-inline-flex pos-rel align-items-center justify-content-center \">\n\t\t\t\t\t\t\t\t<figure class=\"w-100 pos-rel\">\n\t\t\t\t\t<img decoding=\"async\" width=\"379\" height=\"103\" src=\"https:\/\/tradinglogistica.co\/wp-content\/uploads\/2026\/01\/Grupo-3@2x.png\" class=\"attachment-full size-full wp-image-39\" alt=\"\" srcset=\"https:\/\/tradinglogistica.co\/wp-content\/uploads\/2026\/01\/Grupo-3@2x.png 379w, https:\/\/tradinglogistica.co\/wp-content\/uploads\/2026\/01\/Grupo-3@2x-300x82.png 300w\" sizes=\"(max-width: 379px) 100vw, 379px\" itemprop=\"image\" \/>\t\t\t\t\t\t\t\t\t\t\t\t\t\t\t\t\t\t\t\t\t\t\t\t<a href=\"https:\/\/tradinglogistica.co\/\" class=\"lqd-overlay lqd-fi-overlay-link lqd-cc-label-trigger\"><\/a>\n\t\t\t\t\t\t\t\t\t\t\t\t<\/figure>\n\t\t\t<\/div>\n\t\t<\/div>\n\n\t\t\t\t\t<\/div>\n\t\t\t\t<\/div>\n\t\t\t\t<div class=\"elementor-element elementor-element-b5eae6a elementor-widget-divider--view-line elementor-widget elementor-widget-divider\" data-id=\"b5eae6a\" data-element_type=\"widget\" data-e-type=\"widget\" data-widget_type=\"divider.default\">\n\t\t\t\t\t\t\t<div class=\"elementor-divider\">\n\t\t\t<span class=\"elementor-divider-separator\">\n\t\t\t\t\t\t<\/span>\n\t\t<\/div>\n\t\t\t\t\t\t<\/div>\n\t\t\t\t<div class=\"elementor-element elementor-element-2b95dcd elementor-widget__width-initial elementor-hidden-desktop elementor-hidden-laptop elementor-hidden-tablet elementor-hidden-mobile elementor-widget elementor-widget-heading\" data-id=\"2b95dcd\" data-element_type=\"widget\" data-e-type=\"widget\" data-widget_type=\"heading.default\">\n\t\t\t\t\t<h1 class=\"elementor-heading-title elementor-size-default\">PQR<\/h1>\t\t\t\t<\/div>\n\t\t\t\t<\/div>\n\t\t\t\t\t<\/div>\n\t\t\t\t<\/div>\n\t\t<div class=\"elementor-element elementor-element-9bb9686 e-flex e-con-boxed e-con e-parent\" data-id=\"9bb9686\" data-element_type=\"container\" data-e-type=\"container\" data-settings=\"{&quot;background_background&quot;:&quot;classic&quot;}\">\n\t\t\t\t\t<div class=\"e-con-inner\">\n\t\t<div class=\"elementor-element elementor-element-816f56e e-con-full e-flex e-con e-child\" data-id=\"816f56e\" data-element_type=\"container\" data-e-type=\"container\">\n\t\t\t\t<div class=\"elementor-element elementor-element-b0069a3 elementor-widget__width-initial elementor-widget elementor-widget-heading\" data-id=\"b0069a3\" data-element_type=\"widget\" data-e-type=\"widget\" data-widget_type=\"heading.default\">\n\t\t\t\t\t<h4 class=\"elementor-heading-title elementor-size-default\">Trabajamos cada d\u00eda para ofrecerte una soluci\u00f3n log\u00edstica a la altura de tus necesidades.<\/h4>\t\t\t\t<\/div>\n\t\t\t\t<div class=\"elementor-element elementor-element-22605a5 elementor-widget__width-initial elementor-widget elementor-widget-text-editor\" data-id=\"22605a5\" data-element_type=\"widget\" data-e-type=\"widget\" data-widget_type=\"text-editor.default\">\n\t\t\t\t\t\t\t\t\t<p>Si tienes preguntas, quejas, reclamos o felicitaciones, te invitamos a diligenciar el formulario. Estamos comprometidos en brindarte una atenci\u00f3n oportuna y eficiente.<\/p>\t\t\t\t\t\t\t\t<\/div>\n\t\t\t\t<\/div>\n\t\t<div class=\"elementor-element elementor-element-3112d34 e-con-full e-flex e-con e-child\" data-id=\"3112d34\" data-element_type=\"container\" data-e-type=\"container\">\n\t\t\t\t<div class=\"elementor-element elementor-element-024c1c2 elementor-widget elementor-widget-heading\" data-id=\"024c1c2\" data-element_type=\"widget\" data-e-type=\"widget\" data-widget_type=\"heading.default\">\n\t\t\t\t\t<h6 class=\"elementor-heading-title elementor-size-default\">Datos personales<\/h6>\t\t\t\t<\/div>\n\t\t\t\t<div class=\"elementor-element elementor-element-ff55785 elementor-widget__width-inherit fluentform-widget-submit-button-right fluent-form-widget-step-header-yes fluent-form-widget-step-progressbar-yes fluentform-widget-submit-button-custom elementor-widget elementor-widget-fluent-form-widget\" data-id=\"ff55785\" data-element_type=\"widget\" data-e-type=\"widget\" data-widget_type=\"fluent-form-widget.default\">\n\t\t\t\t<div class=\"elementor-widget-container\">\n\t\t\t\t\t\n            <div class=\"fluentform-widget-wrapper fluentform-widget-custom-radio-checkbox fluentform-widget-align-default\">\n\n            \n            <div class='fluentform ff-default fluentform_wrapper_2 ffs_default_wrap'><form data-form_id=\"2\" id=\"fluentform_2\" class=\"frm-fluent-form fluent_form_2 ff-el-form-top ff_form_instance_2_1 ff-form-loading ffs_default\" data-form_instance=\"ff_form_instance_2_1\" method=\"POST\" ><fieldset  style=\"border: none!important;margin: 0!important;padding: 0!important;background-color: transparent!important;box-shadow: none!important;outline: none!important; min-inline-size: 100%;\">\n                    <legend class=\"ff_screen_reader_title\" style=\"display: block; margin: 0!important;padding: 0!important;height: 0!important;text-indent: -999999px;width: 0!important;overflow:hidden;\">PQR<\/legend><input type='hidden' name='__fluent_form_embded_post_id' value='27' \/><input type=\"hidden\" id=\"_fluentform_2_fluentformnonce\" name=\"_fluentform_2_fluentformnonce\" value=\"a7aa5834c7\" \/><input type=\"hidden\" name=\"_wp_http_referer\" value=\"\/index.php?rest_route=%2Fwp%2Fv2%2Fpages%2F27\" \/><div data-name=\"ff_cn_id_1\"  class='ff-t-container ff-column-container ff_columns_total_2 '><div class='ff-t-cell ff-t-column-1' style='flex-basis: 50%;'><div data-type=\"name-element\" data-name=\"names\" class=\" ff-field_container ff-name-field-wrapper\" ><div class='ff-t-container'><div class='ff-t-cell '><div class='ff-el-group ff-el-form-top'><div class=\"ff-el-input--label ff-el-is-required asterisk-right\"><label for='ff_2_names_first_name_' id='label_ff_2_names_first_name_' >Nombre completo<\/label><\/div><div class='ff-el-input--content'><input type=\"text\" name=\"names[first_name]\" id=\"ff_2_names_first_name_\" class=\"ff-el-form-control\" placeholder=\"Escribe tu nombre\" aria-invalid=\"false\" aria-required=true><\/div><\/div><\/div><\/div><\/div><\/div><div class='ff-t-cell ff-t-column-2' style='flex-basis: 50%;'><div class='ff-el-group'><div class=\"ff-el-input--label ff-el-is-required asterisk-right\"><label for='ff_2_phone' id='label_ff_2_phone' aria-label=\"Tel\u00e9fono celular\">Tel\u00e9fono celular<\/label><\/div><div class='ff-el-input--content'><input name=\"phone\" class=\"ff-el-form-control ff-el-phone ff_el_with_extended_validation\" type=\"tel\" placeholder=\"Escribe tu celular\" data-name=\"phone\" id=\"ff_2_phone\" inputmode=\"tel\"  aria-invalid='false' aria-required=true><\/div><\/div><\/div><\/div><div data-name=\"ff_cn_id_2\"  class='ff-t-container ff-column-container ff_columns_total_3 '><div class='ff-t-cell ff-t-column-1' style='flex-basis: 19%;'><div class='ff-el-group'><div class=\"ff-el-input--label ff-el-is-required asterisk-right\"><label for='ff_2_dropdown' id='label_ff_2_dropdown' aria-label=\"Tipo documento\">Tipo documento<\/label><\/div><div class='ff-el-input--content'><select name=\"dropdown\" id=\"ff_2_dropdown\" class=\"ff-el-form-control\" data-name=\"dropdown\" data-calc_value=\"0\"  aria-invalid=\"false\" aria-required=\"true\" aria-labelledby=\"label_ff_2_dropdown\"><option value=\"\">C.C.<\/option><option value=\"T.J.\"  >T.J.<\/option><option value=\"C.C.\"  >C.C.<\/option><\/select><\/div><\/div><\/div><div class='ff-t-cell ff-t-column-2' style='flex-basis: 35%;'><div class='ff-el-group'><div class=\"ff-el-input--label ff-el-is-required asterisk-right\"><label for='ff_2_numeric_field' id='label_ff_2_numeric_field' aria-label=\"N\u00famero\">N\u00famero<\/label><\/div><div class='ff-el-input--content'><input type=\"number\" name=\"numeric_field\" id=\"ff_2_numeric_field\" class=\"ff-el-form-control\" placeholder=\"Numero de documento \" data-name=\"numeric_field\" inputmode=\"numeric\" step=\"any\" min=\"12\" aria-valuemin=\"12\" max=\"12\" aria-valuemax=\"12\"  aria-invalid=\"false\" aria-required=true><\/div><\/div><\/div><div class='ff-t-cell ff-t-column-3' style='flex-basis: 52%;'><div class='ff-el-group'><div class=\"ff-el-input--label asterisk-right\"><label for='ff_2_email' id='label_ff_2_email' aria-label=\"Email\">Email<\/label><\/div><div class='ff-el-input--content'><input type=\"email\" name=\"email\" id=\"ff_2_email\" class=\"ff-el-form-control\" placeholder=\"Direcci\u00f3n de correo electr\u00f3nico\" data-name=\"email\"  aria-invalid=\"false\" aria-required=false><\/div><\/div><\/div><\/div><div data-name=\"ff_cn_id_3\"  class='ff-t-container ff-column-container ff_columns_total_2 '><div class='ff-t-cell ff-t-column-1' style='flex-basis: 50%;'><div class='ff-el-group'><div class=\"ff-el-input--label ff-el-is-required asterisk-right\"><label for='ff_2_dropdown_1' id='label_ff_2_dropdown_1' aria-label=\"Tipo de usuario\">Tipo de usuario<\/label><\/div><div class='ff-el-input--content'><select name=\"dropdown_1\" id=\"ff_2_dropdown_1\" class=\"ff-el-form-control\" data-name=\"dropdown_1\" data-calc_value=\"0\"  aria-invalid=\"false\" aria-required=\"true\" aria-labelledby=\"label_ff_2_dropdown_1\"><option value=\"\">Seleccione...<\/option><option value=\"Persona natural \"  >Persona natural<\/option><option value=\"Persona juridica\"  >Persona juridica<\/option><\/select><\/div><\/div><\/div><div class='ff-t-cell ff-t-column-2' style='flex-basis: 50%;'><div class='ff-el-group'><div class=\"ff-el-input--label ff-el-is-required asterisk-right\"><label for='ff_2_dropdown_2' id='label_ff_2_dropdown_2' aria-label=\"Tipo de solicitud*\">Tipo de solicitud*<\/label><\/div><div class='ff-el-input--content'><select name=\"dropdown_2\" id=\"ff_2_dropdown_2\" class=\"ff-el-form-control\" data-name=\"dropdown_2\" data-calc_value=\"0\"  aria-invalid=\"false\" aria-required=\"true\" aria-labelledby=\"label_ff_2_dropdown_2\"><option value=\"\">Seleccione...<\/option><option value=\"Queja \"  >Queja<\/option><option value=\"Reclamo\"  >Reclamo<\/option><option value=\"Petici\u00f3n \"  >Petici\u00f3n<\/option><\/select><\/div><\/div><\/div><\/div><div data-name=\"ff_cn_id_4\"  class='ff-t-container ff-column-container ff_columns_total_2 '><div class='ff-t-cell ff-t-column-1' style='flex-basis: 50%;'><div class='ff-el-group'><div class=\"ff-el-input--label asterisk-right\"><label for='ff_2_file-upload_1' id='label_ff_2_file-upload_1' aria-label=\"Adjunta un documento, Word, PDF o imagen, no superior a 2MB.\">Adjunta un documento, Word, PDF o imagen, no superior a 2MB.<\/label><\/div><div class='ff-el-input--content'><label for='ff_2_file-upload_1' class='ff_file_upload_holder'><span class='ff_upload_btn ff-btn' tabindex='0'>Subir archivo<\/span> <input type=\"file\" name=\"file-upload\" id=\"ff_2_file-upload_1\" class=\"ff-el-form-control  ff-screen-reader-element\" data-name=\"file-upload\" multiple=\"1\"  aria-invalid='false' aria-required=false><\/label><\/div><\/div><\/div><div class='ff-t-cell ff-t-column-2' style='flex-basis: 50%;'><\/div><\/div><div class='ff-el-group'><div class=\"ff-el-input--label asterisk-right\"><label for='ff_2_description' id='label_ff_2_description' aria-label=\"Escribe alg\u00fan detalle adicional (Opcional)\">Escribe alg\u00fan detalle adicional (Opcional)<\/label><\/div><div class='ff-el-input--content'><textarea aria-required=\"false\" aria-labelledby=\"label_ff_2_description\" name=\"description\" id=\"ff_2_description\" class=\"ff-el-form-control\" placeholder=\"Cu\u00e9ntanos m\u00e1s acerca de tu solicitud\" rows=\"6\" cols=\"4\" data-name=\"description\" ><\/textarea><\/div><\/div><div class='ff-el-group    ff-el-input--content'><div class='ff-el-form-check ff-el-tc'><label aria-label='Terms and Conditions: He le\u00eddo y acepto los T\u00e9rminos y condiciones de este sitio web Contains 1 link. Use tab navigation to review.' class='ff-el-form-check-label ff_tc_label' for=terms-n-condition_0807ca8986a1948182006b9e58ac7893><span class='ff_tc_checkbox'><input type=\"checkbox\" name=\"terms-n-condition\" class=\"ff-el-form-check-input\" data-name=\"terms-n-condition\" id=\"terms-n-condition_0807ca8986a1948182006b9e58ac7893\"  value='on' aria-invalid='false' aria-required=true><\/span> <div class='ff_t_c'><p>He le\u00eddo y acepto los <span style=\"text-decoration: underline;color: #22353b\"><a style=\"color: #22353b;text-decoration: underline\" href=\"#\">T\u00e9rminos y condiciones<\/a><\/span> de este sitio web<\/p><\/div><\/label><\/div><\/div><div class='ff-el-group    ff-el-input--content'><div class='ff-el-form-check ff-el-tc'><label aria-label='\u00bfDesea realizar esta solicitud de forma an\u00f3nima? Si marca esta opci\u00f3n, no se solicitar\u00e1n tus datos personales. *No podremos contactarte para seguimiento*' class='ff-el-form-check-label ff_tc_label' for=terms-n-condition_1_0c5dabafb395ceb2acddbf4eb77dc6a6><span class='ff_tc_checkbox'><input type=\"checkbox\" name=\"terms-n-condition_1\" class=\"ff-el-form-check-input\" data-name=\"terms-n-condition_1\" id=\"terms-n-condition_1_0c5dabafb395ceb2acddbf4eb77dc6a6\"  value='on' aria-invalid='false' aria-required=true><\/span> <div class='ff_t_c'><p>\u00bfDesea realizar esta solicitud de forma an\u00f3nima? Si marca esta opci\u00f3n, no se solicitar\u00e1n tus datos personales. <span style=\"color: #ff8200\">*No podremos contactarte para seguimiento*<\/span><\/p><\/div><\/label><\/div><\/div><div class='ff-el-group ff-text-left ff_submit_btn_wrapper'><button type=\"submit\" class=\"ff-btn ff-btn-submit ff-btn-md ff_btn_style\"  aria-label=\"Enviar\">Enviar<\/button><\/div><\/fieldset><\/form><div id='fluentform_2_errors' class='ff-errors-in-stack ff_form_instance_2_1 ff-form-loading_errors ff_form_instance_2_1_errors'><\/div><\/div>            <script type=\"text\/javascript\">\n                window.fluent_form_ff_form_instance_2_1 = {\"id\":\"2\",\"settings\":{\"layout\":{\"labelPlacement\":\"top\",\"helpMessagePlacement\":\"with_label\",\"errorMessagePlacement\":\"inline\",\"asteriskPlacement\":\"asterisk-right\"},\"restrictions\":{\"denyEmptySubmission\":{\"enabled\":false}}},\"form_instance\":\"ff_form_instance_2_1\",\"form_id_selector\":\"fluentform_2\",\"rules\":{\"names[first_name]\":{\"required\":{\"value\":true,\"message\":\"Este campo es obligatorio\",\"global_message\":\"Este campo es obligatorio\",\"global\":true}},\"names[middle_name]\":{\"required\":{\"value\":false,\"message\":\"Este campo es obligatorio\",\"global_message\":\"Este campo es obligatorio\",\"global\":true}},\"names[last_name]\":{\"required\":{\"value\":false,\"message\":\"Este campo es obligatorio\",\"global_message\":\"Este campo es obligatorio\",\"global\":true}},\"phone\":{\"required\":{\"value\":true,\"global\":true,\"message\":\"Este campo es obligatorio\",\"global_message\":\"Este campo es obligatorio\"},\"valid_phone_number\":{\"value\":true,\"global\":true,\"message\":\"El n\\u00famero de tel\\u00e9fono no es v\\u00e1lido\",\"global_message\":\"El n\\u00famero de tel\\u00e9fono no es v\\u00e1lido\"}},\"dropdown\":{\"required\":{\"value\":true,\"message\":\"Este campo es obligatorio\",\"global_message\":\"Este campo es obligatorio\",\"global\":true}},\"numeric_field\":{\"required\":{\"value\":true,\"message\":\"Este campo es obligatorio\",\"global_message\":\"Este campo es obligatorio\",\"global\":true},\"numeric\":{\"value\":true,\"message\":\"Este campo debe contener una direcci\\u00f3n de correo electr\\u00f3nico v\\u00e1lida\",\"global_message\":\"Este campo debe contener una direcci\\u00f3n de correo electr\\u00f3nico v\\u00e1lida\",\"global\":true},\"min\":{\"value\":\"12\",\"message\":\"La validaci\\u00f3n falla para el valor m\\u00ednimo\",\"global_message\":\"La validaci\\u00f3n falla para el valor m\\u00ednimo\",\"global\":true},\"max\":{\"value\":\"12\",\"message\":\"La validaci\\u00f3n falla para el valor m\\u00e1ximo\",\"global_message\":\"La validaci\\u00f3n falla para el valor m\\u00e1ximo\",\"global\":true},\"digits\":{\"value\":\"\",\"message\":\"La validaci\\u00f3n falla debido al n\\u00famero limitado de d\\u00edgitos\",\"global_message\":\"La validaci\\u00f3n falla debido al n\\u00famero limitado de d\\u00edgitos\",\"global\":true}},\"email\":{\"required\":{\"value\":false,\"message\":\"Este campo es obligatorio\",\"global_message\":\"Este campo es obligatorio\",\"global\":true},\"email\":{\"value\":true,\"message\":\"This field must contain a valid email\",\"global_message\":\"This field must contain a valid email\",\"global\":true}},\"dropdown_1\":{\"required\":{\"value\":true,\"message\":\"Este campo es obligatorio\",\"global_message\":\"Este campo es obligatorio\",\"global\":true}},\"dropdown_2\":{\"required\":{\"value\":true,\"message\":\"Este campo es obligatorio\",\"global_message\":\"Este campo es obligatorio\",\"global\":true}},\"file-upload\":{\"required\":{\"value\":false,\"message\":\"Este campo es obligatorio\",\"global_message\":\"Este campo es obligatorio\",\"global\":true},\"max_file_size\":{\"value\":2097152,\"_valueFrom\":\"MB\",\"message\":\"La validaci\\u00f3n falla debido al tama\\u00f1o m\\u00e1ximo del archivo\",\"global_message\":\"La validaci\\u00f3n falla debido al tama\\u00f1o m\\u00e1ximo del archivo\",\"global\":true},\"max_file_count\":{\"value\":1,\"message\":\"La validaci\\u00f3n falla debido al n\\u00famero m\\u00e1ximo de archivos\",\"global_message\":\"La validaci\\u00f3n falla debido al n\\u00famero m\\u00e1ximo de archivos\",\"global\":true},\"allowed_file_types\":{\"value\":[\"doc|ppt|pps|xls|mdb|docx|xlsx|pptx|odt|odp|ods|odg|odc|odb|odf|rtf|txt\",\"pdf\"],\"message\":\"Tipo de archivo no v\\u00e1lido\",\"global_message\":\"Los tipos de imagen permitidos no coinciden\",\"global\":true}},\"description\":{\"required\":{\"value\":false,\"message\":\"Este campo es obligatorio\",\"global_message\":\"Este campo es obligatorio\",\"global\":true}},\"terms-n-condition\":{\"required\":{\"value\":true,\"message\":\"Este campo es obligatorio\",\"global_message\":\"Este campo es obligatorio\",\"global\":true}},\"terms-n-condition_1\":{\"required\":{\"value\":true,\"message\":\"Este campo es obligatorio\",\"global_message\":\"Este campo es obligatorio\",\"global\":true}}},\"debounce_time\":300};\n                            <\/script>\n                        <\/div>\n\n            \t\t\t\t<\/div>\n\t\t\t\t<\/div>\n\t\t\t\t<\/div>\n\t\t\t\t\t<\/div>\n\t\t\t\t<\/div>\n\t\t\t\t<\/div>\n\t\t","protected":false},"excerpt":{"rendered":"<p>PQR Trabajamos cada d\u00eda para ofrecerte una soluci\u00f3n log\u00edstica a la altura de tus necesidades. Si tienes preguntas, quejas, reclamos o felicitaciones, te invitamos a diligenciar el formulario. Estamos comprometidos en brindarte una atenci\u00f3n oportuna y eficiente. Datos personales PQR Nombre completoTel\u00e9fono celularTipo documentoC.C.C.C.T.J.N\u00fameroEmailTipo de usuarioSeleccione&#8230;Persona naturalPersona juridicaTipo de solicitud*Seleccione&#8230;Petici\u00f3nReclamoQuejaAdjunta un documento, Word, PDF o [&hellip;]<\/p>\n","protected":false},"author":3,"featured_media":0,"parent":0,"menu_order":0,"comment_status":"closed","ping_status":"closed","template":"","meta":{"footnotes":""},"class_list":["post-27","page","type-page","status-publish","hentry"],"_links":{"self":[{"href":"https:\/\/tradinglogistica.co\/index.php?rest_route=\/wp\/v2\/pages\/27","targetHints":{"allow":["GET"]}}],"collection":[{"href":"https:\/\/tradinglogistica.co\/index.php?rest_route=\/wp\/v2\/pages"}],"about":[{"href":"https:\/\/tradinglogistica.co\/index.php?rest_route=\/wp\/v2\/types\/page"}],"author":[{"embeddable":true,"href":"https:\/\/tradinglogistica.co\/index.php?rest_route=\/wp\/v2\/users\/3"}],"replies":[{"embeddable":true,"href":"https:\/\/tradinglogistica.co\/index.php?rest_route=%2Fwp%2Fv2%2Fcomments&post=27"}],"version-history":[{"count":28,"href":"https:\/\/tradinglogistica.co\/index.php?rest_route=\/wp\/v2\/pages\/27\/revisions"}],"predecessor-version":[{"id":1176,"href":"https:\/\/tradinglogistica.co\/index.php?rest_route=\/wp\/v2\/pages\/27\/revisions\/1176"}],"wp:attachment":[{"href":"https:\/\/tradinglogistica.co\/index.php?rest_route=%2Fwp%2Fv2%2Fmedia&parent=27"}],"curies":[{"name":"wp","href":"https:\/\/api.w.org\/{rel}","templated":true}]}}